{"id":10318,"date":"2024-02-22T15:07:52","date_gmt":"2024-02-22T15:07:52","guid":{"rendered":"https:\/\/www.cafmet-conference.com\/?page_id=10318"},"modified":"2024-11-07T17:58:01","modified_gmt":"2024-11-07T17:58:01","slug":"lieu-de-la-conference","status":"publish","type":"page","link":"http:\/\/www.cafmet-conference.com\/en\/lieu-de-la-conference\/","title":{"rendered":"Conference venue"},"content":{"rendered":"<div data-elementor-type=\"wp-page\" data-elementor-id=\"10318\" class=\"elementor elementor-10318\">\n\t\t\t\t\t\t<section class=\"elementor-section elementor-top-section elementor-element elementor-element-b16a290 elementor-section-boxed elementor-section-height-default elementor-section-height-default\" data-id=\"b16a290\" data-element_type=\"section\">\n\t\t\t\t\t\t<div class=\"elementor-container elementor-column-gap-default\">\n\t\t\t\t\t<div class=\"elementor-column elementor-col-100 elementor-top-column elementor-element elementor-element-0d941c9\" data-id=\"0d941c9\" data-element_type=\"column\">\n\t\t\t<div class=\"elementor-widget-wrap elementor-element-populated\">\n\t\t\t\t\t\t<div class=\"elementor-element elementor-element-c2ca3dc elementor-widget elementor-widget-spacer\" data-id=\"c2ca3dc\" data-element_type=\"widget\" data-widget_type=\"spacer.default\">\n\t\t\t\t<div class=\"elementor-widget-container\">\n\t\t\t\t\t<div class=\"elementor-spacer\">\n\t\t\t<div class=\"elementor-spacer-inner\"><\/div>\n\t\t<\/div>\n\t\t\t\t<\/div>\n\t\t\t\t<\/div>\n\t\t\t\t<div class=\"elementor-element elementor-element-f23eac3 elementor-widget elementor-widget-heading\" data-id=\"f23eac3\" data-element_type=\"widget\" data-widget_type=\"heading.default\">\n\t\t\t\t<div class=\"elementor-widget-container\">\n\t\t\t<h2 class=\"elementor-heading-title elementor-size-default\">CAFMET is organising the 10th International Conference on Metrology in Africa, which will take place from 22 to 24 April 2025 in Hammamet -Tunisia.<\/h2>\t\t<\/div>\n\t\t\t\t<\/div>\n\t\t\t\t<div class=\"elementor-element elementor-element-d225a3b elementor-widget elementor-widget-spacer\" data-id=\"d225a3b\" data-element_type=\"widget\" data-widget_type=\"spacer.default\">\n\t\t\t\t<div class=\"elementor-widget-container\">\n\t\t\t\t\t<div class=\"elementor-spacer\">\n\t\t\t<div class=\"elementor-spacer-inner\"><\/div>\n\t\t<\/div>\n\t\t\t\t<\/div>\n\t\t\t\t<\/div>\n\t\t\t\t<div class=\"elementor-element elementor-element-7166bdd elementor-widget elementor-widget-heading\" data-id=\"7166bdd\" data-element_type=\"widget\" data-widget_type=\"heading.default\">\n\t\t\t\t<div class=\"elementor-widget-container\">\n\t\t\t<h2 class=\"elementor-heading-title elementor-size-default\"><a href=\"https:\/\/www.goldenyasmin.com\/fr\/mehari-hammamet\/\" target=\"_blank\">Click here to see more about the conference venue !<\/a><\/h2>\t\t<\/div>\n\t\t\t\t<\/div>\n\t\t\t\t\t<\/div>\n\t\t<\/div>\n\t\t\t\t\t<\/div>\n\t\t<\/section>\n\t\t\t\t<section class=\"elementor-section elementor-top-section elementor-element elementor-element-aba775a elementor-section-boxed elementor-section-height-default elementor-section-height-default\" data-id=\"aba775a\" data-element_type=\"section\">\n\t\t\t\t\t\t<div class=\"elementor-container elementor-column-gap-default\">\n\t\t\t\t\t<div class=\"elementor-column elementor-col-100 elementor-top-column elementor-element elementor-element-c641e8f\" data-id=\"c641e8f\" data-element_type=\"column\">\n\t\t\t<div class=\"elementor-widget-wrap elementor-element-populated\">\n\t\t\t\t\t\t<div class=\"elementor-element elementor-element-2f9b92b elementor-widget elementor-widget-image\" data-id=\"2f9b92b\" data-element_type=\"widget\" data-widget_type=\"image.default\">\n\t\t\t\t<div class=\"elementor-widget-container\">\n\t\t\t\t\t\t\t\t\t\t\t\t\t\t<a href=\"https:\/\/www.goldenyasmin.com\/fr\/mehari-hammamet\/\" target=\"_blank\">\n\t\t\t\t\t\t\t<img fetchpriority=\"high\" decoding=\"async\" width=\"800\" height=\"497\" src=\"https:\/\/www.cafmet-conference.com\/wp-content\/uploads\/2024\/11\/Entree-1-1024x636.jpg\" class=\"attachment-large size-large wp-image-11177\" alt=\"\" srcset=\"https:\/\/www.cafmet-conference.com\/wp-content\/uploads\/2024\/11\/Entree-1-1024x636.jpg 1024w, https:\/\/www.cafmet-conference.com\/wp-content\/uploads\/2024\/11\/Entree-1-300x186.jpg 300w, https:\/\/www.cafmet-conference.com\/wp-content\/uploads\/2024\/11\/Entree-1-768x477.jpg 768w, https:\/\/www.cafmet-conference.com\/wp-content\/uploads\/2024\/11\/Entree-1-1536x954.jpg 1536w, https:\/\/www.cafmet-conference.com\/wp-content\/uploads\/2024\/11\/Entree-1-2048x1272.jpg 2048w, https:\/\/www.cafmet-conference.com\/wp-content\/uploads\/2024\/11\/Entree-1-18x12.jpg 18w\" sizes=\"(max-width: 800px) 100vw, 800px\" \/>\t\t\t\t\t\t\t\t<\/a>\n\t\t\t\t\t\t\t\t\t\t\t\t\t<\/div>\n\t\t\t\t<\/div>\n\t\t\t\t\t<\/div>\n\t\t<\/div>\n\t\t\t\t\t<\/div>\n\t\t<\/section>\n\t\t\t\t<section class=\"elementor-section elementor-top-section elementor-element elementor-element-af0dd26 elementor-section-boxed elementor-section-height-default elementor-section-height-default\" data-id=\"af0dd26\" data-element_type=\"section\">\n\t\t\t\t\t\t<div class=\"elementor-container elementor-column-gap-default\">\n\t\t\t\t\t<div class=\"elementor-column elementor-col-100 elementor-top-column elementor-element elementor-element-62a3650\" data-id=\"62a3650\" data-element_type=\"column\">\n\t\t\t<div class=\"elementor-widget-wrap elementor-element-populated\">\n\t\t\t\t\t\t<div class=\"elementor-element elementor-element-c430274 elementor-widget elementor-widget-google_maps\" data-id=\"c430274\" data-element_type=\"widget\" data-widget_type=\"google_maps.default\">\n\t\t\t\t<div class=\"elementor-widget-container\">\n\t\t\t\t\t<div class=\"elementor-custom-embed\">\n\t\t\t<iframe loading=\"lazy\"\n\t\t\t\t\tsrc=\"https:\/\/maps.google.com\/maps?q=H%C3%B4tel%20Mehari%20Hammamet&#038;t=m&#038;z=10&#038;output=embed&#038;iwloc=near\"\n\t\t\t\t\ttitle=\"H\u00f4tel Mehari Hammamet\"\n\t\t\t\t\taria-label=\"H\u00f4tel Mehari Hammamet\"\n\t\t\t><\/iframe>\n\t\t<\/div>\n\t\t\t\t<\/div>\n\t\t\t\t<\/div>\n\t\t\t\t\t<\/div>\n\t\t<\/div>\n\t\t\t\t\t<\/div>\n\t\t<\/section>\n\t\t\t\t<\/div>","protected":false},"excerpt":{"rendered":"<p>La Conf\u00e9rence Internationale de M\u00e9trologie CAFMET 2025 se d\u00e9roulera du 22 au 24 avril 2025 \u00e0 Hammamet &#8211; Tunisie dans un lieu majestueux D\u00e9couvrez le lieu de la conf\u00e9rence : &#8230;<\/p>","protected":false},"author":4,"featured_media":0,"parent":0,"menu_order":0,"comment_status":"closed","ping_status":"closed","template":"elementor_header_footer","meta":{"footnotes":""},"class_list":["post-10318","page","type-page","status-publish","hentry"],"_links":{"self":[{"href":"http:\/\/www.cafmet-conference.com\/en\/wp-json\/wp\/v2\/pages\/10318","targetHints":{"allow":["GET"]}}],"collection":[{"href":"http:\/\/www.cafmet-conference.com\/en\/wp-json\/wp\/v2\/pages"}],"about":[{"href":"http:\/\/www.cafmet-conference.com\/en\/wp-json\/wp\/v2\/types\/page"}],"author":[{"embeddable":true,"href":"http:\/\/www.cafmet-conference.com\/en\/wp-json\/wp\/v2\/users\/4"}],"replies":[{"embeddable":true,"href":"http:\/\/www.cafmet-conference.com\/en\/wp-json\/wp\/v2\/comments?post=10318"}],"version-history":[{"count":37,"href":"http:\/\/www.cafmet-conference.com\/en\/wp-json\/wp\/v2\/pages\/10318\/revisions"}],"predecessor-version":[{"id":11208,"href":"http:\/\/www.cafmet-conference.com\/en\/wp-json\/wp\/v2\/pages\/10318\/revisions\/11208"}],"wp:attachment":[{"href":"http:\/\/www.cafmet-conference.com\/en\/wp-json\/wp\/v2\/media?parent=10318"}],"curies":[{"name":"wp","href":"https:\/\/api.w.org\/{rel}","templated":true}]}}