{"id":2923,"date":"2017-12-07T10:58:07","date_gmt":"2017-12-07T10:58:07","guid":{"rendered":"http:\/\/www.cafmet2018.com\/?page_id=2923"},"modified":"2017-12-14T10:16:26","modified_gmt":"2017-12-14T10:16:26","slug":"marc-himbert","status":"publish","type":"page","link":"https:\/\/www.cafmet-conference.com\/en\/programme\/marc-himbert\/","title":{"rendered":"<!--:en-->Marc HIMBERT<!--:--><!--:fr-->Marc HIMBERT<!--:-->"},"content":{"rendered":"<p><!--:en--><img decoding=\"async\" class=\"alignleft wp-image-2924\" src=\"http:\/\/www.cafmet2018.com\/wp-content\/uploads\/2017\/12\/Marc-HIMBERT-FINAL-NB-240x300.png\" alt=\"\" width=\"120\" height=\"150\" srcset=\"https:\/\/www.cafmet-conference.com\/wp-content\/uploads\/2017\/12\/Marc-HIMBERT-FINAL-NB-240x300.png 240w, https:\/\/www.cafmet-conference.com\/wp-content\/uploads\/2017\/12\/Marc-HIMBERT-FINAL-NB.png 400w\" sizes=\"(max-width: 120px) 100vw, 120px\" \/>Marc E. Himbert, 60, is full professor of metrology in Cnam, Paris, and serves as scientific director of the joint laboratory in metrology (LCM) established between CNAM and LNE. He chairs the Laboratory section of the french accreditation body (COFRAC) and belongs to several national and international committees in scientific metrology (180 ref.). He is full member of the french Academy of technologies (NATF), and is an experienced trainer and expert in the field of uncertainty measurement.<!--:--><br \/>\n<!--:fr--><img decoding=\"async\" class=\"alignleft wp-image-2924\" src=\"http:\/\/www.cafmet2018.com\/wp-content\/uploads\/2017\/12\/Marc-HIMBERT-FINAL-NB-240x300.png\" alt=\"\" width=\"120\" height=\"150\" srcset=\"https:\/\/www.cafmet-conference.com\/wp-content\/uploads\/2017\/12\/Marc-HIMBERT-FINAL-NB-240x300.png 240w, https:\/\/www.cafmet-conference.com\/wp-content\/uploads\/2017\/12\/Marc-HIMBERT-FINAL-NB.png 400w\" sizes=\"(max-width: 120px) 100vw, 120px\" \/>Marc E. Himbert, 60 ans, est professeur titulaire de m\u00e9trologie au Cnam, Paris, et directeur scientifique du laboratoire commun de m\u00e9trologie (LCM) \u00e9tabli entre le CNAM et le LNE. Il pr\u00e9side la section Laboratoire de l&rsquo;organisme fran\u00e7ais d&rsquo;accr\u00e9ditation (COFRAC) et fait partie de plusieurs comit\u00e9s nationaux et internationaux de m\u00e9trologie scientifique (180 r\u00e9f.). Il est membre \u00e0 part enti\u00e8re de l&rsquo;Acad\u00e9mie des technologies (NATF) et est un formateur exp\u00e9riment\u00e9 et expert dans le domaine de la mesure d&rsquo;incertitude.<!--:--><\/p>","protected":false},"excerpt":{"rendered":"<p>Marc E. Himbert, 60, is full professor of metrology in Cnam, Paris, and serves as scientific director of the joint laboratory in metrology (LCM) established between CNAM and LNE. He &#8230;<\/p>","protected":false},"author":4,"featured_media":0,"parent":9,"menu_order":0,"comment_status":"closed","ping_status":"closed","template":"","meta":{"footnotes":""},"class_list":["post-2923","page","type-page","status-publish","hentry"],"_links":{"self":[{"href":"https:\/\/www.cafmet-conference.com\/en\/wp-json\/wp\/v2\/pages\/2923","targetHints":{"allow":["GET"]}}],"collection":[{"href":"https:\/\/www.cafmet-conference.com\/en\/wp-json\/wp\/v2\/pages"}],"about":[{"href":"https:\/\/www.cafmet-conference.com\/en\/wp-json\/wp\/v2\/types\/page"}],"author":[{"embeddable":true,"href":"https:\/\/www.cafmet-conference.com\/en\/wp-json\/wp\/v2\/users\/4"}],"replies":[{"embeddable":true,"href":"https:\/\/www.cafmet-conference.com\/en\/wp-json\/wp\/v2\/comments?post=2923"}],"version-history":[{"count":0,"href":"https:\/\/www.cafmet-conference.com\/en\/wp-json\/wp\/v2\/pages\/2923\/revisions"}],"up":[{"embeddable":true,"href":"https:\/\/www.cafmet-conference.com\/en\/wp-json\/wp\/v2\/pages\/9"}],"wp:attachment":[{"href":"https:\/\/www.cafmet-conference.com\/en\/wp-json\/wp\/v2\/media?parent=2923"}],"curies":[{"name":"wp","href":"https:\/\/api.w.org\/{rel}","templated":true}]}}