{"id":3896,"date":"2019-05-27T09:38:58","date_gmt":"2019-05-27T09:38:58","guid":{"rendered":"http:\/\/www.cafmet-conference.com\/?page_id=3896"},"modified":"2026-01-12T13:25:02","modified_gmt":"2026-01-12T13:25:02","slug":"presidents-de-cafmet-2020","status":"publish","type":"page","link":"https:\/\/www.cafmet-conference.com\/en\/presidents-de-cafmet-2020\/","title":{"rendered":"Pr\u00e9sidents de CAFMET 2020"},"content":{"rendered":"<div data-elementor-type=\"wp-post\" data-elementor-id=\"3896\" class=\"elementor elementor-3896\">\n\t\t\t\t\t\t<section class=\"elementor-section elementor-top-section elementor-element elementor-element-f96ba51 elementor-section-boxed elementor-section-height-default elementor-section-height-default\" data-id=\"f96ba51\" data-element_type=\"section\" data-settings=\"{&quot;background_background&quot;:&quot;classic&quot;}\">\n\t\t\t\t\t\t<div class=\"elementor-container elementor-column-gap-default\">\n\t\t\t\t\t<div class=\"elementor-column elementor-col-100 elementor-top-column elementor-element elementor-element-d46e624\" data-id=\"d46e624\" data-element_type=\"column\">\n\t\t\t<div class=\"elementor-widget-wrap elementor-element-populated\">\n\t\t\t\t\t\t<div class=\"elementor-element elementor-element-585266e elementor-widget elementor-widget-heading\" data-id=\"585266e\" data-element_type=\"widget\" data-widget_type=\"heading.default\">\n\t\t\t\t<div class=\"elementor-widget-container\">\n\t\t\t<h1 class=\"elementor-heading-title elementor-size-large\">Chairpersons<\/h1>\t\t<\/div>\n\t\t\t\t<\/div>\n\t\t\t\t<div class=\"elementor-element elementor-element-05c733f elementor-widget elementor-widget-text-editor\" data-id=\"05c733f\" data-element_type=\"widget\" data-widget_type=\"text-editor.default\">\n\t\t\t\t<div class=\"elementor-widget-container\">\n\t\t\t\t\t\t\t<p style=\"text-align: center;\"><strong><span style=\"color: #ff6600;\"><a style=\"color: #ff6600;\" href=\"https:\/\/www.cafmet-conference.com\/en\/cafmet-2020\/\"><span style=\"color: #ff8800;\"><span style=\"color: #ff8400;\">CAFMET 2025<\/span><\/span><\/a><\/span> : An event around Metrology, Quality and Measurement<\/strong><\/p>\t\t\t\t\t\t<\/div>\n\t\t\t\t<\/div>\n\t\t\t\t<div class=\"elementor-element elementor-element-b50e307 elementor-widget-divider--view-line elementor-widget elementor-widget-divider\" data-id=\"b50e307\" data-element_type=\"widget\" data-widget_type=\"divider.default\">\n\t\t\t\t<div class=\"elementor-widget-container\">\n\t\t\t\t\t<div class=\"elementor-divider\">\n\t\t\t<span class=\"elementor-divider-separator\">\n\t\t\t\t\t\t<\/span>\n\t\t<\/div>\n\t\t\t\t<\/div>\n\t\t\t\t<\/div>\n\t\t\t\t\t<\/div>\n\t\t<\/div>\n\t\t\t\t\t<\/div>\n\t\t<\/section>\n\t\t\t\t<section class=\"elementor-section elementor-top-section elementor-element elementor-element-41d9200 elementor-section-boxed elementor-section-height-default elementor-section-height-default\" data-id=\"41d9200\" data-element_type=\"section\" data-settings=\"{&quot;background_background&quot;:&quot;classic&quot;}\">\n\t\t\t\t\t\t<div class=\"elementor-container elementor-column-gap-default\">\n\t\t\t\t\t<div class=\"elementor-column elementor-col-33 elementor-top-column elementor-element elementor-element-55b05d7\" data-id=\"55b05d7\" data-element_type=\"column\">\n\t\t\t<div class=\"elementor-widget-wrap elementor-element-populated\">\n\t\t\t\t\t\t<div class=\"elementor-element elementor-element-771be2c elementor-widget elementor-widget-image\" data-id=\"771be2c\" data-element_type=\"widget\" data-widget_type=\"image.default\">\n\t\t\t\t<div class=\"elementor-widget-container\">\n\t\t\t\t\t\t\t\t\t\t\t\t\t<img decoding=\"async\" width=\"150\" height=\"150\" src=\"https:\/\/www.cafmet-conference.com\/wp-content\/uploads\/2024\/07\/Design-sans-titre-3.png\" class=\"attachment-thumbnail size-thumbnail wp-image-10936\" alt=\"Walid Touayar pr\u00e9sident du CAFMET\" srcset=\"https:\/\/www.cafmet-conference.com\/wp-content\/uploads\/2024\/07\/Design-sans-titre-3.png 150w, https:\/\/www.cafmet-conference.com\/wp-content\/uploads\/2024\/07\/Design-sans-titre-3-12x12.png 12w\" sizes=\"(max-width: 150px) 100vw, 150px\" \/>\t\t\t\t\t\t\t\t\t\t\t\t\t<\/div>\n\t\t\t\t<\/div>\n\t\t\t\t\t<\/div>\n\t\t<\/div>\n\t\t\t\t<div class=\"elementor-column elementor-col-33 elementor-top-column elementor-element elementor-element-7572e2a\" data-id=\"7572e2a\" data-element_type=\"column\">\n\t\t\t<div class=\"elementor-widget-wrap elementor-element-populated\">\n\t\t\t\t\t\t<div class=\"elementor-element elementor-element-7e9fd4f elementor-widget elementor-widget-text-editor\" data-id=\"7e9fd4f\" data-element_type=\"widget\" data-widget_type=\"text-editor.default\">\n\t\t\t\t<div class=\"elementor-widget-container\">\n\t\t\t\t\t\t\t<p><span style=\"color: #ed7b00; font-size: 25px;\"><strong>Walid TOUAYAR<\/strong><\/span><\/p><p><b style=\"font-size: 25px; color: rgb(237, 123, 0);\">CAFMET Chairperson<\/b><\/p><p><b>University Professor<\/b><br><em>Tunis, Tunisia<\/em><\/p>\t\t\t\t\t\t<\/div>\n\t\t\t\t<\/div>\n\t\t\t\t\t<\/div>\n\t\t<\/div>\n\t\t\t\t<div class=\"elementor-column elementor-col-33 elementor-top-column elementor-element elementor-element-82797f1\" data-id=\"82797f1\" data-element_type=\"column\">\n\t\t\t<div class=\"elementor-widget-wrap elementor-element-populated\">\n\t\t\t\t\t\t<div class=\"elementor-element elementor-element-7ded4d0 elementor-widget elementor-widget-text-editor\" data-id=\"7ded4d0\" data-element_type=\"widget\" data-widget_type=\"text-editor.default\">\n\t\t\t\t<div class=\"elementor-widget-container\">\n\t\t\t\t\t\t\t<p style=\"text-align: justify;\"><span style=\"color: #444444;\">Holder of both a doctorate from the CNAM (Paris) in metrology and physical systems and a university habilitation thesis in physics from the Faculty of Science in Tunis. <strong>Prof. Walid TOUAYAR<\/strong> was previously a research and training engineer at INM-CNAM-Paris, responsible for setting up the French national reference in the field of radiometry. Since the end of 1997, he has been teaching metrology as a university professor at INSAT in Tunis. He has been head of the evaluation team at TUNAS since 2000. Since 2023, he has been an international auditor for the Commission des Titres d'Ing\u00e9nieur, CTI-France.<\/span><\/p>\t\t\t\t\t\t<\/div>\n\t\t\t\t<\/div>\n\t\t\t\t\t<\/div>\n\t\t<\/div>\n\t\t\t\t\t<\/div>\n\t\t<\/section>\n\t\t\t\t<section class=\"elementor-section elementor-top-section elementor-element elementor-element-2b2f4d6 elementor-section-boxed elementor-section-height-default elementor-section-height-default\" data-id=\"2b2f4d6\" data-element_type=\"section\" data-settings=\"{&quot;background_background&quot;:&quot;classic&quot;}\">\n\t\t\t\t\t\t<div class=\"elementor-container elementor-column-gap-default\">\n\t\t\t\t\t<div class=\"elementor-column elementor-col-33 elementor-top-column elementor-element elementor-element-0b4ed6f\" data-id=\"0b4ed6f\" data-element_type=\"column\">\n\t\t\t<div class=\"elementor-widget-wrap elementor-element-populated\">\n\t\t\t\t\t\t<div class=\"elementor-element elementor-element-33bb1258 elementor-widget elementor-widget-image\" data-id=\"33bb1258\" data-element_type=\"widget\" data-widget_type=\"image.default\">\n\t\t\t\t<div class=\"elementor-widget-container\">\n\t\t\t\t\t\t\t\t\t\t\t\t\t<img decoding=\"async\" src=\"https:\/\/www.cafmet-conference.com\/wp-content\/uploads\/elementor\/thumbs\/photo2025-rhjrhuwguubi5my29x6rq504zzkukhe0emqijnzxi4.png\" title=\"photo2025\" alt=\"photo2025\" loading=\"lazy\" \/>\t\t\t\t\t\t\t\t\t\t\t\t\t<\/div>\n\t\t\t\t<\/div>\n\t\t\t\t\t<\/div>\n\t\t<\/div>\n\t\t\t\t<div class=\"elementor-column elementor-col-33 elementor-top-column elementor-element elementor-element-65d352a\" data-id=\"65d352a\" data-element_type=\"column\">\n\t\t\t<div class=\"elementor-widget-wrap elementor-element-populated\">\n\t\t\t\t\t\t<div class=\"elementor-element elementor-element-4d924a7 elementor-widget elementor-widget-text-editor\" data-id=\"4d924a7\" data-element_type=\"widget\" data-widget_type=\"text-editor.default\">\n\t\t\t\t<div class=\"elementor-widget-container\">\n\t\t\t\t\t\t\t<p><span style=\"color: #ed7b00; font-size: 25px;\"><strong>Abd\u00e9rafi CHARKI<\/strong><\/span><br \/><strong>Teacher-Researcher <\/strong><br \/><em>POLYTECH ANGERS, France<\/em><\/p>\t\t\t\t\t\t<\/div>\n\t\t\t\t<\/div>\n\t\t\t\t\t<\/div>\n\t\t<\/div>\n\t\t\t\t<div class=\"elementor-column elementor-col-33 elementor-top-column elementor-element elementor-element-c354422\" data-id=\"c354422\" data-element_type=\"column\">\n\t\t\t<div class=\"elementor-widget-wrap elementor-element-populated\">\n\t\t\t\t\t\t<div class=\"elementor-element elementor-element-43bd025 elementor-widget elementor-widget-text-editor\" data-id=\"43bd025\" data-element_type=\"widget\" data-widget_type=\"text-editor.default\">\n\t\t\t\t<div class=\"elementor-widget-container\">\n\t\t\t\t\t\t\t<p style=\"text-align: justify;\" class=\" translation-block\">After extensive industrial experience as a project manager, Dr. Abd\u00e9rafi CHARKI \nis currently a professor at POLYTECH Angers, the engineering school of the University of Angers, where he teaches mechanics, quality, metrology and dependability, among other subjects. He has contributed to several projects on characterizing the behavior and performance of systems and components, and on assessing uncertainties and reliability.<\/p>\t\t\t\t\t\t<\/div>\n\t\t\t\t<\/div>\n\t\t\t\t\t<\/div>\n\t\t<\/div>\n\t\t\t\t\t<\/div>\n\t\t<\/section>\n\t\t\t\t<section class=\"elementor-section elementor-top-section elementor-element elementor-element-88b408f elementor-section-boxed elementor-section-height-default elementor-section-height-default\" data-id=\"88b408f\" data-element_type=\"section\" data-settings=\"{&quot;background_background&quot;:&quot;classic&quot;}\">\n\t\t\t\t\t\t<div class=\"elementor-container elementor-column-gap-default\">\n\t\t\t\t\t<div class=\"elementor-column elementor-col-33 elementor-top-column elementor-element elementor-element-9c3899e\" data-id=\"9c3899e\" data-element_type=\"column\">\n\t\t\t<div class=\"elementor-widget-wrap elementor-element-populated\">\n\t\t\t\t\t\t<div class=\"elementor-element elementor-element-a9a93bb elementor-widget elementor-widget-image\" data-id=\"a9a93bb\" data-element_type=\"widget\" data-widget_type=\"image.default\">\n\t\t\t\t<div class=\"elementor-widget-container\">\n\t\t\t\t\t\t\t\t\t\t\t\t\t<img decoding=\"async\" width=\"150\" height=\"150\" src=\"https:\/\/www.cafmet-conference.com\/wp-content\/uploads\/2019\/05\/Georges-BONNIER-Pr\u00e9sident-RFQM-2019-400x400-4-150x150.jpg\" class=\"attachment-thumbnail size-thumbnail wp-image-3987\" alt=\"\" srcset=\"https:\/\/www.cafmet-conference.com\/wp-content\/uploads\/2019\/05\/Georges-BONNIER-Pr\u00e9sident-RFQM-2019-400x400-4-150x150.jpg 150w, https:\/\/www.cafmet-conference.com\/wp-content\/uploads\/2019\/05\/Georges-BONNIER-Pr\u00e9sident-RFQM-2019-400x400-4-300x300.jpg 300w, https:\/\/www.cafmet-conference.com\/wp-content\/uploads\/2019\/05\/Georges-BONNIER-Pr\u00e9sident-RFQM-2019-400x400-4-250x250.jpg 250w, https:\/\/www.cafmet-conference.com\/wp-content\/uploads\/2019\/05\/Georges-BONNIER-Pr\u00e9sident-RFQM-2019-400x400-4-100x100.jpg 100w, https:\/\/www.cafmet-conference.com\/wp-content\/uploads\/2019\/05\/Georges-BONNIER-Pr\u00e9sident-RFQM-2019-400x400-4.jpg 400w\" sizes=\"(max-width: 150px) 100vw, 150px\" \/>\t\t\t\t\t\t\t\t\t\t\t\t\t<\/div>\n\t\t\t\t<\/div>\n\t\t\t\t\t<\/div>\n\t\t<\/div>\n\t\t\t\t<div class=\"elementor-column elementor-col-33 elementor-top-column elementor-element elementor-element-d486b0f\" data-id=\"d486b0f\" data-element_type=\"column\">\n\t\t\t<div class=\"elementor-widget-wrap elementor-element-populated\">\n\t\t\t\t\t\t<div class=\"elementor-element elementor-element-4349b4f elementor-widget elementor-widget-text-editor\" data-id=\"4349b4f\" data-element_type=\"widget\" data-widget_type=\"text-editor.default\">\n\t\t\t\t<div class=\"elementor-widget-container\">\n\t\t\t\t\t\t\t<p><span style=\"color: #ff8605; font-size: 25px;\"><strong>Georges BONNIER\u200b<\/strong><\/span><br \/><strong>International Consultant\u00a0<\/strong><br \/><em>France<\/em><\/p>\t\t\t\t\t\t<\/div>\n\t\t\t\t<\/div>\n\t\t\t\t\t<\/div>\n\t\t<\/div>\n\t\t\t\t<div class=\"elementor-column elementor-col-33 elementor-top-column elementor-element elementor-element-f47f5d2\" data-id=\"f47f5d2\" data-element_type=\"column\">\n\t\t\t<div class=\"elementor-widget-wrap elementor-element-populated\">\n\t\t\t\t\t\t<div class=\"elementor-element elementor-element-3590a3c elementor-widget elementor-widget-text-editor\" data-id=\"3590a3c\" data-element_type=\"widget\" data-widget_type=\"text-editor.default\">\n\t\t\t\t<div class=\"elementor-widget-container\">\n\t\t\t\t\t\t\t<p style=\"text-align: justify;\">Until 2006, <strong>Dr. Georges BONNIER<\/strong>\u00a0was Deputy Director of the \"Institut National de M\u00e9trologie\" (LNE-INM France), and Head of the Temperature Laboratory. Author of numerous scientific articles in thermal metrology, Dr. Bonnier was responsible for the implementation of national references for thermal metrology in France. Now retired, he works actively as an international metrology consultant and is also very active in the association <a href=\"https:\/\/www.cafmet.com\" target=\"_blank\" rel=\"noopener\" data-wplink-edit=\"true\">CAFMET<\/a>, in order to develop metrology in Africa.<\/p>\t\t\t\t\t\t<\/div>\n\t\t\t\t<\/div>\n\t\t\t\t\t<\/div>\n\t\t<\/div>\n\t\t\t\t\t<\/div>\n\t\t<\/section>\n\t\t\t\t<section class=\"elementor-section elementor-top-section elementor-element elementor-element-c240e8b elementor-section-boxed elementor-section-height-default elementor-section-height-default\" data-id=\"c240e8b\" data-element_type=\"section\" data-settings=\"{&quot;background_background&quot;:&quot;classic&quot;}\">\n\t\t\t\t\t\t<div class=\"elementor-container elementor-column-gap-default\">\n\t\t\t\t\t<div class=\"elementor-column elementor-col-33 elementor-top-column elementor-element elementor-element-fe54d44\" data-id=\"fe54d44\" data-element_type=\"column\">\n\t\t\t<div class=\"elementor-widget-wrap elementor-element-populated\">\n\t\t\t\t\t\t<div class=\"elementor-element elementor-element-70c787dd elementor-widget elementor-widget-image\" data-id=\"70c787dd\" data-element_type=\"widget\" data-widget_type=\"image.default\">\n\t\t\t\t<div class=\"elementor-widget-container\">\n\t\t\t\t\t\t\t\t\t\t\t\t\t<img decoding=\"async\" width=\"150\" height=\"150\" src=\"https:\/\/www.cafmet-conference.com\/wp-content\/uploads\/2019\/06\/marc-himbert-cafmet-conference_Plan-de-travail-1.png\" class=\"attachment-thumbnail size-thumbnail wp-image-4662\" alt=\"\" srcset=\"https:\/\/www.cafmet-conference.com\/wp-content\/uploads\/2019\/06\/marc-himbert-cafmet-conference_Plan-de-travail-1.png 150w, https:\/\/www.cafmet-conference.com\/wp-content\/uploads\/2019\/06\/marc-himbert-cafmet-conference_Plan-de-travail-1-100x100.png 100w\" sizes=\"(max-width: 150px) 100vw, 150px\" \/>\t\t\t\t\t\t\t\t\t\t\t\t\t<\/div>\n\t\t\t\t<\/div>\n\t\t\t\t\t<\/div>\n\t\t<\/div>\n\t\t\t\t<div class=\"elementor-column elementor-col-33 elementor-top-column elementor-element elementor-element-83cfab3\" data-id=\"83cfab3\" data-element_type=\"column\">\n\t\t\t<div class=\"elementor-widget-wrap elementor-element-populated\">\n\t\t\t\t\t\t<div class=\"elementor-element elementor-element-84186de elementor-widget elementor-widget-text-editor\" data-id=\"84186de\" data-element_type=\"widget\" data-widget_type=\"text-editor.default\">\n\t\t\t\t<div class=\"elementor-widget-container\">\n\t\t\t\t\t\t\t<p><span style=\"color: #e87c00; font-size: 25px;\"><strong>Marc HIMBERT\u200b<\/strong><\/span><br \/><strong>Professor<\/strong><br \/><em>LNE-CNAM, France<\/em><\/p>\t\t\t\t\t\t<\/div>\n\t\t\t\t<\/div>\n\t\t\t\t\t<\/div>\n\t\t<\/div>\n\t\t\t\t<div class=\"elementor-column elementor-col-33 elementor-top-column elementor-element elementor-element-514d062\" data-id=\"514d062\" data-element_type=\"column\">\n\t\t\t<div class=\"elementor-widget-wrap elementor-element-populated\">\n\t\t\t\t\t\t<div class=\"elementor-element elementor-element-20e9a31 elementor-widget elementor-widget-text-editor\" data-id=\"20e9a31\" data-element_type=\"widget\" data-widget_type=\"text-editor.default\">\n\t\t\t\t<div class=\"elementor-widget-container\">\n\t\t\t\t\t\t\t<p style=\"text-align: justify;\">After a double training in Sciences (ENS) and in management (Sciences Po, CHEDE), <strong>Prof. Marc HIMBERT<\/strong> has been teaching metrology for 30 years as a Professor at CNAM (France). He was for a long time in charge of the Joint Metrology Laboratory LNE - CNAM. He chairs the Laboratories section of COFRAC (Comit\u00e9 Fran\u00e7ais d'Accr\u00e9ditation), the C2 commission of IUPAP (The International Union of Pure and Applied Physics) and the assembly of CNAM chairs. He managed the European project <a href=\"https:\/\/www.iamm.ciheam.org\/fr\/project\/afreqen\/\" target=\"_blank\" rel=\"noopener\">AFREQEN<\/a>.<\/p>\t\t\t\t\t\t<\/div>\n\t\t\t\t<\/div>\n\t\t\t\t\t<\/div>\n\t\t<\/div>\n\t\t\t\t\t<\/div>\n\t\t<\/section>\n\t\t\t\t<section class=\"elementor-section elementor-top-section elementor-element elementor-element-22d59ed elementor-section-boxed elementor-section-height-default elementor-section-height-default\" data-id=\"22d59ed\" data-element_type=\"section\" data-settings=\"{&quot;background_background&quot;:&quot;classic&quot;}\">\n\t\t\t\t\t\t<div class=\"elementor-container elementor-column-gap-default\">\n\t\t\t\t\t<div class=\"elementor-column elementor-col-100 elementor-top-column elementor-element elementor-element-ac9df1c\" data-id=\"ac9df1c\" data-element_type=\"column\">\n\t\t\t<div class=\"elementor-widget-wrap elementor-element-populated\">\n\t\t\t\t\t\t<div class=\"elementor-element elementor-element-b5cb07b elementor-widget elementor-widget-spacer\" data-id=\"b5cb07b\" data-element_type=\"widget\" data-widget_type=\"spacer.default\">\n\t\t\t\t<div class=\"elementor-widget-container\">\n\t\t\t\t\t<div class=\"elementor-spacer\">\n\t\t\t<div class=\"elementor-spacer-inner\"><\/div>\n\t\t<\/div>\n\t\t\t\t<\/div>\n\t\t\t\t<\/div>\n\t\t\t\t\t<\/div>\n\t\t<\/div>\n\t\t\t\t\t<\/div>\n\t\t<\/section>\n\t\t\t\t<\/div>","protected":false},"excerpt":{"rendered":"<p>pr\u00e9sidents CAFMET 2025 : Un \u00e9v\u00e9nement autour de la M\u00e9trologie, la Qualit\u00e9 et la Mesure Walid TOUAYAR Pr\u00e9sident du CAFMET Professeur UniversitaireTunis, Tunisie Titulaire \u00e0 la fois d&rsquo;une th\u00e8se de &#8230;<\/p>","protected":false},"author":4,"featured_media":0,"parent":0,"menu_order":0,"comment_status":"closed","ping_status":"closed","template":"elementor_header_footer","meta":{"footnotes":""},"class_list":["post-3896","page","type-page","status-publish","hentry"],"_links":{"self":[{"href":"https:\/\/www.cafmet-conference.com\/en\/wp-json\/wp\/v2\/pages\/3896","targetHints":{"allow":["GET"]}}],"collection":[{"href":"https:\/\/www.cafmet-conference.com\/en\/wp-json\/wp\/v2\/pages"}],"about":[{"href":"https:\/\/www.cafmet-conference.com\/en\/wp-json\/wp\/v2\/types\/page"}],"author":[{"embeddable":true,"href":"https:\/\/www.cafmet-conference.com\/en\/wp-json\/wp\/v2\/users\/4"}],"replies":[{"embeddable":true,"href":"https:\/\/www.cafmet-conference.com\/en\/wp-json\/wp\/v2\/comments?post=3896"}],"version-history":[{"count":33,"href":"https:\/\/www.cafmet-conference.com\/en\/wp-json\/wp\/v2\/pages\/3896\/revisions"}],"predecessor-version":[{"id":12006,"href":"https:\/\/www.cafmet-conference.com\/en\/wp-json\/wp\/v2\/pages\/3896\/revisions\/12006"}],"wp:attachment":[{"href":"https:\/\/www.cafmet-conference.com\/en\/wp-json\/wp\/v2\/media?parent=3896"}],"curies":[{"name":"wp","href":"https:\/\/api.w.org\/{rel}","templated":true}]}}