{"id":4872,"date":"2019-06-17T07:26:41","date_gmt":"2019-06-17T07:26:41","guid":{"rendered":"http:\/\/www.cafmet-conference.com\/?page_id=4872"},"modified":"2025-03-29T13:37:27","modified_gmt":"2025-03-29T13:37:27","slug":"expositions","status":"publish","type":"page","link":"https:\/\/www.cafmet-conference.com\/en\/expositions\/","title":{"rendered":"Exhibition"},"content":{"rendered":"<div data-elementor-type=\"wp-post\" data-elementor-id=\"4872\" class=\"elementor elementor-4872\">\n\t\t\t\t\t\t<section class=\"elementor-section elementor-top-section elementor-element elementor-element-7672241 elementor-section-boxed elementor-section-height-default elementor-section-height-default\" data-id=\"7672241\" data-element_type=\"section\">\n\t\t\t\t\t\t<div class=\"elementor-container elementor-column-gap-default\">\n\t\t\t\t\t<div class=\"elementor-column elementor-col-100 elementor-top-column elementor-element elementor-element-806edd5\" data-id=\"806edd5\" data-element_type=\"column\">\n\t\t\t<div class=\"elementor-widget-wrap\">\n\t\t\t\t\t\t\t<\/div>\n\t\t<\/div>\n\t\t\t\t\t<\/div>\n\t\t<\/section>\n\t\t\t\t<section class=\"elementor-section elementor-top-section elementor-element elementor-element-306ae90 elementor-section-boxed elementor-section-height-default elementor-section-height-default\" data-id=\"306ae90\" data-element_type=\"section\">\n\t\t\t\t\t\t<div class=\"elementor-container elementor-column-gap-default\">\n\t\t\t\t\t<div class=\"elementor-column elementor-col-100 elementor-top-column elementor-element elementor-element-91a0f02\" data-id=\"91a0f02\" data-element_type=\"column\">\n\t\t\t<div class=\"elementor-widget-wrap elementor-element-populated\">\n\t\t\t\t\t\t<div class=\"elementor-element elementor-element-fc225da elementor-widget elementor-widget-image\" data-id=\"fc225da\" data-element_type=\"widget\" data-widget_type=\"image.default\">\n\t\t\t\t<div class=\"elementor-widget-container\">\n\t\t\t\t\t\t\t\t\t\t\t\t\t<img decoding=\"async\" width=\"284\" height=\"70\" src=\"https:\/\/www.cafmet-conference.com\/wp-content\/uploads\/2024\/01\/LOGO-Forumesure-2019.png\" class=\"attachment-large size-large wp-image-10096\" alt=\"\" srcset=\"https:\/\/www.cafmet-conference.com\/wp-content\/uploads\/2024\/01\/LOGO-Forumesure-2019.png 284w, https:\/\/www.cafmet-conference.com\/wp-content\/uploads\/2024\/01\/LOGO-Forumesure-2019-18x4.png 18w\" sizes=\"(max-width: 284px) 100vw, 284px\" \/>\t\t\t\t\t\t\t\t\t\t\t\t\t<\/div>\n\t\t\t\t<\/div>\n\t\t\t\t<div class=\"elementor-element elementor-element-0c799b2 elementor-widget elementor-widget-spacer\" data-id=\"0c799b2\" data-element_type=\"widget\" data-widget_type=\"spacer.default\">\n\t\t\t\t<div class=\"elementor-widget-container\">\n\t\t\t\t\t<div class=\"elementor-spacer\">\n\t\t\t<div class=\"elementor-spacer-inner\"><\/div>\n\t\t<\/div>\n\t\t\t\t<\/div>\n\t\t\t\t<\/div>\n\t\t\t\t\t<\/div>\n\t\t<\/div>\n\t\t\t\t\t<\/div>\n\t\t<\/section>\n\t\t\t\t<section class=\"elementor-section elementor-top-section elementor-element elementor-element-16a3d23 elementor-section-boxed elementor-section-height-default elementor-section-height-default\" data-id=\"16a3d23\" data-element_type=\"section\">\n\t\t\t\t\t\t<div class=\"elementor-container elementor-column-gap-default\">\n\t\t\t\t\t<div class=\"elementor-column elementor-col-50 elementor-top-column elementor-element elementor-element-9dd106d\" data-id=\"9dd106d\" data-element_type=\"column\">\n\t\t\t<div class=\"elementor-widget-wrap elementor-element-populated\">\n\t\t\t\t\t\t<div class=\"elementor-element elementor-element-2c760c4 elementor-widget elementor-widget-text-editor\" data-id=\"2c760c4\" data-element_type=\"widget\" data-widget_type=\"text-editor.default\">\n\t\t\t\t<div class=\"elementor-widget-container\">\n\t\t\t\t\t\t\t<p><a href=\"https:\/\/www.forumesure.com\/en\/\"><span style=\"color: #339966;\">FORUMESURE 2025<\/span><\/a>\u00a0is an open-access <strong>exhibition<\/strong>In 2025, the show will be held in <b>Hammamet<\/b>\u00a0in Tunisia from <strong>22 to 24 April<\/strong> en parall\u00e8le du CAFMET 2025. Ce salon d&rsquo;exposition est pour les exposants un moyen de pouvoir accro\u00eetre la notori\u00e9t\u00e9 de son entreprise au national et \u00e0 l&rsquo;international, de pouvoir faire d\u00e9couvrir ces produits et ces services et surtout c&rsquo;est l&rsquo;occasion de collaborer avec des futurs clients.<\/p><p>Click on the following link to reserve your stand: <span style=\"color: #339966;\"><a style=\"color: #339966;\" href=\"https:\/\/www.forumesure.com\/en\/salon-de-metrologie\/reservez-votre-stand\/\" target=\"_blank\" rel=\"noopener\">Book your FORUMESURE 2025 stand.<\/a><\/span><\/p><p><span style=\"color: #339966;\"><span style=\"color: #333333;\">For visitors,<\/span><\/span> FORUMESURE is an opportunity to meet professionals and talk to them about their products and services. It's also an opportunity for visitors to collaborate with a company.\u00a0<\/p><p>Click on the following link to get your badge: <span style=\"color: #339966;\"><a style=\"color: #339966;\" href=\"https:\/\/www.forumesure.com\/en\/forumesure-06-07-juin-2023\/badge\/\" target=\"_blank\" rel=\"noopener\">VISIT FORUMESURE<\/a><\/span><\/p>\t\t\t\t\t\t<\/div>\n\t\t\t\t<\/div>\n\t\t\t\t\t<\/div>\n\t\t<\/div>\n\t\t\t\t<div class=\"elementor-column elementor-col-50 elementor-top-column elementor-element elementor-element-ce21c81\" data-id=\"ce21c81\" data-element_type=\"column\">\n\t\t\t<div class=\"elementor-widget-wrap elementor-element-populated\">\n\t\t\t\t\t\t<div class=\"elementor-element elementor-element-3a27b4b elementor-widget elementor-widget-image\" data-id=\"3a27b4b\" data-element_type=\"widget\" data-widget_type=\"image.default\">\n\t\t\t\t<div class=\"elementor-widget-container\">\n\t\t\t\t\t\t\t\t\t\t\t\t\t<img fetchpriority=\"high\" decoding=\"async\" width=\"800\" height=\"450\" src=\"https:\/\/www.cafmet-conference.com\/wp-content\/uploads\/2023\/06\/conference-ge58dfe1d8_1920-1024x576.jpg\" class=\"attachment-large size-large wp-image-9001\" alt=\"Conf\u00e9rence internationale de m\u00e9trologie CFAMET 2025\" srcset=\"https:\/\/www.cafmet-conference.com\/wp-content\/uploads\/2023\/06\/conference-ge58dfe1d8_1920-1024x576.jpg 1024w, https:\/\/www.cafmet-conference.com\/wp-content\/uploads\/2023\/06\/conference-ge58dfe1d8_1920-300x169.jpg 300w, https:\/\/www.cafmet-conference.com\/wp-content\/uploads\/2023\/06\/conference-ge58dfe1d8_1920-768x432.jpg 768w, https:\/\/www.cafmet-conference.com\/wp-content\/uploads\/2023\/06\/conference-ge58dfe1d8_1920-1536x864.jpg 1536w, https:\/\/www.cafmet-conference.com\/wp-content\/uploads\/2023\/06\/conference-ge58dfe1d8_1920-18x10.jpg 18w, https:\/\/www.cafmet-conference.com\/wp-content\/uploads\/2023\/06\/conference-ge58dfe1d8_1920.jpg 1920w\" sizes=\"(max-width: 800px) 100vw, 800px\" \/>\t\t\t\t\t\t\t\t\t\t\t\t\t<\/div>\n\t\t\t\t<\/div>\n\t\t\t\t\t<\/div>\n\t\t<\/div>\n\t\t\t\t\t<\/div>\n\t\t<\/section>\n\t\t\t\t<section class=\"elementor-section elementor-top-section elementor-element elementor-element-8509573 elementor-section-boxed elementor-section-height-default elementor-section-height-default\" data-id=\"8509573\" data-element_type=\"section\">\n\t\t\t\t\t\t<div class=\"elementor-container elementor-column-gap-default\">\n\t\t\t\t\t<div class=\"elementor-column elementor-col-100 elementor-top-column elementor-element elementor-element-caad79c\" data-id=\"caad79c\" data-element_type=\"column\">\n\t\t\t<div class=\"elementor-widget-wrap elementor-element-populated\">\n\t\t\t\t\t\t<div class=\"elementor-element elementor-element-30727c9 elementor-widget__width-initial elementor-widget elementor-widget-video\" data-id=\"30727c9\" data-element_type=\"widget\" data-settings=\"{&quot;video_type&quot;:&quot;hosted&quot;,&quot;controls&quot;:&quot;yes&quot;}\" data-widget_type=\"video.default\">\n\t\t\t\t<div class=\"elementor-widget-container\">\n\t\t\t\t\t<div class=\"e-hosted-video elementor-wrapper elementor-open-inline\">\n\t\t\t\t\t<video class=\"elementor-video\" src=\"https:\/\/www.cafmet-conference.com\/wp-content\/uploads\/2025\/03\/Partenaires-aux-28-Mars-2025.mp4\" controls=\"\" preload=\"metadata\" controlslist=\"nodownload\"><\/video>\n\t\t\t\t<\/div>\n\t\t\t\t<\/div>\n\t\t\t\t<\/div>\n\t\t\t\t\t<\/div>\n\t\t<\/div>\n\t\t\t\t\t<\/div>\n\t\t<\/section>\n\t\t\t\t<\/div>","protected":false},"excerpt":{"rendered":"<p>FORUMESURE 2025\u00a0est un salon d&rsquo;exposition en acc\u00e8s libre. En 2025, ce salon se d\u00e9roule \u00e0 Hammamet\u00a0en Tunisie du 22 au 24 avril en parall\u00e8le du CAFMET 2025. Ce salon d&rsquo;exposition &#8230;<\/p>","protected":false},"author":4,"featured_media":5483,"parent":0,"menu_order":0,"comment_status":"closed","ping_status":"closed","template":"elementor_header_footer","meta":{"footnotes":""},"class_list":["post-4872","page","type-page","status-publish","has-post-thumbnail","hentry"],"_links":{"self":[{"href":"https:\/\/www.cafmet-conference.com\/en\/wp-json\/wp\/v2\/pages\/4872","targetHints":{"allow":["GET"]}}],"collection":[{"href":"https:\/\/www.cafmet-conference.com\/en\/wp-json\/wp\/v2\/pages"}],"about":[{"href":"https:\/\/www.cafmet-conference.com\/en\/wp-json\/wp\/v2\/types\/page"}],"author":[{"embeddable":true,"href":"https:\/\/www.cafmet-conference.com\/en\/wp-json\/wp\/v2\/users\/4"}],"replies":[{"embeddable":true,"href":"https:\/\/www.cafmet-conference.com\/en\/wp-json\/wp\/v2\/comments?post=4872"}],"version-history":[{"count":99,"href":"https:\/\/www.cafmet-conference.com\/en\/wp-json\/wp\/v2\/pages\/4872\/revisions"}],"predecessor-version":[{"id":11713,"href":"https:\/\/www.cafmet-conference.com\/en\/wp-json\/wp\/v2\/pages\/4872\/revisions\/11713"}],"wp:featuredmedia":[{"embeddable":true,"href":"https:\/\/www.cafmet-conference.com\/en\/wp-json\/wp\/v2\/media\/5483"}],"wp:attachment":[{"href":"https:\/\/www.cafmet-conference.com\/en\/wp-json\/wp\/v2\/media?parent=4872"}],"curies":[{"name":"wp","href":"https:\/\/api.w.org\/{rel}","templated":true}]}}